{"id":84,"date":"2024-11-26T14:18:35","date_gmt":"2024-11-26T13:18:35","guid":{"rendered":"https:\/\/hanocq.eu\/?page_id=84"},"modified":"2024-11-27T16:12:41","modified_gmt":"2024-11-27T15:12:41","slug":"je-suis-un-descendant-de","status":"publish","type":"page","link":"https:\/\/www.hanocq.eu\/index.php\/je-suis-un-descendant-de\/","title":{"rendered":"\u00ab\u00a0Je suis un descendant de &#8230;\u00a0\u00bb"},"content":{"rendered":"\n<div style=\"height:var(--wp--preset--spacing--50)\" aria-hidden=\"true\" class=\"wp-block-spacer\"><\/div>\n\n\n\n<div class=\"wp-block-group alignwide has-global-padding is-layout-constrained wp-block-group-is-layout-constrained\">\n<h1 class=\"wp-block-heading alignwide has-xx-large-font-size\" style=\"line-height:1.2\">Bonjour,<\/h1>\n\n\n\n<p><\/p>\n\n\n\n<p>Ce site est l\u2019aboutissement d&rsquo;un projet commenc\u00e9s, il y a de tr\u00e8s nombreuses ann\u00e9es, par mon p\u00e8re.<\/p>\n<\/div>\n\n\n\n<p>\u00c0 l&rsquo;\u00e9poque, la g\u00e9n\u00e9alogie se faisait avec un carnet, des fiches, des photos argentiques, des photocopies, un fax, un moyen de d\u00e9placement motoris\u00e9 et une bonne dose de courage, sans compter &#8230; du temps&#8230;<\/p>\n\n\n\n<p>F\u00e9ru d&rsquo;informatique d\u00e8s le d\u00e9but des ann\u00e9es &rsquo;70 (1970 bien entendu), une premi\u00e8re version de notre g\u00e9n\u00e9alogie tournait sur un Honeywell-Bull situ\u00e9 \u00e0 Bruxelles, rue des colonies et \u00e9tait maintenue sur place ou via une ligne t\u00e9l\u00e9phonique et un terminal t\u00e9l\u00e9type \u00e9quip\u00e9 d&rsquo;un lecteur\/perforateur de bande en papier.<\/p>\n\n\n\n<p>Apr\u00e8s \u00eatre pass\u00e9 en 1978 par un TRS80 de Tandy, la migration suivante se fera vers Skynet en 1995, \u00e0 l&rsquo;\u00e9poque o\u00f9 l&rsquo;on choisissait son login et son mot de passe par un simple appel t\u00e9l\u00e9phonique. Ce site reprenait, entre-autres, les arbres g\u00e9n\u00e9alogiques des familles HANOCQ, RENARD, GERODEZ &amp; FRAN\u00c7OIS.<\/p>\n\n\n\n<p>L\u2019adresse actuelle de notre site est\u00a0: https:\/\/www.hanocq.eu<\/p>\n\n\n\n<p>Ce site, sur lequel vous \u00eates \u00e0 pr\u00e9sent, prends la succession du site h\u00e9berg\u00e9 sur \u00ab\u00a0users.skynet.be\u00a0\u00bb, d\u00e9sormais inaccessible. Auparavant, Il comportait, dans sa section TIG (Tables &amp; Index G\u00e9n\u00e9alogiques), des liens directs vers les Archives de l\u2019\u00c9tat en Belgique. Il conduisait directement aux index annuels et d\u00e9cennaux ainsi qu&rsquo;au premier acte des ann\u00e9es dans des volumes pluriannuels du site des archives de l&rsquo;\u00c9tat en Belgique. Ce dernier site \u00ab\u00a0www.arch.be\u00a0\u00bb ne proposait \u00e0 l\u2019\u00e9poque pas de permaliens ce qui n\u2019est plus le cas aujourd\u2019hui et notre effort de maintenance est donc d\u00e9sormais r\u00e9duit.<\/p>\n\n\n\n<p>L&rsquo;arbre g\u00e9n\u00e9alogique proprement dit se trouve sur Geneanet.<\/p>\n\n\n\n<p>La base de donn\u00e9es des actes et autres documents de nos archives disponibles ici est appel\u00e9e \u00e0 s\u2019\u00e9toffer avec le temps.<\/p>\n\n\n\n<p>Le but n&rsquo;est pas de r\u00e9pertorier en double tout ce qui existe ailleurs: nous souhaitons simplement nous faciliter la vie et faciliter les v\u00e9rifications. L&rsquo;objectif est bien d&rsquo;\u00e9viter les erreurs et leur propagation pour les personnes reprises dans notre g\u00e9n\u00e9alogie, sans plus.<\/p>\n\n\n\n<p>Le site est g\u00e9r\u00e9 de fa\u00e7on totalement b\u00e9n\u00e9vole et sans aucun sponsor ou rentr\u00e9e financi\u00e8re li\u00e9e \u00e0 une quelconque publicit\u00e9. Nous ne sommes en aucune mani\u00e8re li\u00e9s \u00e0 une quelconque organisation ou soci\u00e9t\u00e9 commerciale en ce qui concerne ce site web.<\/p>\n\n\n\n<p>Les donn\u00e9es qui figurent dans ce site web ont \u00e9t\u00e9 acquises par tradition orale familiale ou viennent de documents et souvenirs personnels; ils ne font et ne feront jamais l\u2019objet de transactions financi\u00e8res. Cependant, les actes anciens sont issus de sources telles que Les Archives de l\u2019\u00c9tat en Belgique, les archives d\u00e9partementales fran\u00e7aises, les archives nationales d\u2019autres pays et du site FamilySearch. En effet, il aurait \u00e9t\u00e9 abject de publier les scans d&rsquo;anciennes photocopies et fax en notre possesion.<\/p>\n\n\n\n<p>Toute information reprise de ce site web doit \u00eatre accompagn\u00e9e d\u2019une r\u00e9f\u00e9rence \u00e0 \u201chttps:\/\/www.hanocq.eu\u201d. De plus, les emprunts \u201cmassifs\u201d de donn\u00e9es sont soumis \u00e0 notre autorisation pr\u00e9alable, \u00e9crite et explicite. Ces autorisations sont r\u00e9pertori\u00e9s en annexe.<\/p>\n\n\n\n<p> <\/p>\n\n\n\n<p><\/p>\n\n\n\n<div class=\"wp-block-group alignfull has-global-padding is-layout-constrained wp-container-core-group-is-layout-b25ccd55 wp-block-group-is-layout-constrained\" style=\"margin-top:0;margin-bottom:0;padding-top:var(--wp--preset--spacing--50);padding-right:var(--wp--preset--spacing--50);padding-bottom:var(--wp--preset--spacing--50);padding-left:var(--wp--preset--spacing--50)\">\n<div class=\"wp-block-columns alignwide is-layout-flex wp-container-core-columns-is-layout-ff4b9c61 wp-block-columns-is-layout-flex\" style=\"margin-top:0;margin-bottom:0\">\n<div class=\"wp-block-column is-layout-flow wp-container-core-column-is-layout-8a368f38 wp-block-column-is-layout-flow\">\n\n\n<div style=\"height:var(--wp--preset--spacing--50)\" aria-hidden=\"true\" class=\"wp-block-spacer\"><\/div>\n\n\n\n\n\n<div style=\"height:var(--wp--preset--spacing--50)\" aria-hidden=\"true\" class=\"wp-block-spacer\"><\/div>\n\n\n<\/div>\n\n\n\n<div class=\"wp-block-column is-layout-flow wp-container-core-column-is-layout-8a368f38 wp-block-column-is-layout-flow\">\n<div style=\"height:var(--wp--preset--spacing--50)\" aria-hidden=\"true\" class=\"wp-block-spacer\"><\/div>\n\n\n\n\n\n<div style=\"height:var(--wp--preset--spacing--50)\" aria-hidden=\"true\" class=\"wp-block-spacer\"><\/div>\n\n\n\n\n\n<div style=\"height:var(--wp--preset--spacing--50)\" aria-hidden=\"true\" class=\"wp-block-spacer\"><\/div>\n\n\n<\/div>\n\n\n\n<div class=\"wp-block-column is-layout-flow wp-container-core-column-is-layout-8a368f38 wp-block-column-is-layout-flow\">\n\n\n<div style=\"height:var(--wp--preset--spacing--50)\" aria-hidden=\"true\" class=\"wp-block-spacer\"><\/div>\n\n\n\n\n\n<div style=\"height:var(--wp--preset--spacing--50)\" aria-hidden=\"true\" class=\"wp-block-spacer\"><\/div>\n\n\n<\/div>\n\n\n\n<div class=\"wp-block-column is-layout-flow wp-container-core-column-is-layout-8a368f38 wp-block-column-is-layout-flow\">\n<div style=\"height:var(--wp--preset--spacing--50)\" aria-hidden=\"true\" class=\"wp-block-spacer\"><\/div>\n\n\n\n\n\n<div style=\"height:var(--wp--preset--spacing--50)\" aria-hidden=\"true\" class=\"wp-block-spacer\"><\/div>\n\n\n\n\n\n<div style=\"height:var(--wp--preset--spacing--50)\" aria-hidden=\"true\" class=\"wp-block-spacer\"><\/div>\n\n\n<\/div>\n<\/div>\n<\/div>\n","protected":false},"excerpt":{"rendered":"<p>Bonjour, Ce site est l\u2019aboutissement d&rsquo;un projet commenc\u00e9s, il y a de tr\u00e8s nombreuses ann\u00e9es, par mon p\u00e8re. \u00c0 l&rsquo;\u00e9poque, la g\u00e9n\u00e9alogie se faisait avec un carnet, des fiches, des photos argentiques, des photocopies, un fax, un moyen de d\u00e9placement motoris\u00e9 et une bonne dose de courage, sans compter &#8230; du temps&#8230; F\u00e9ru d&rsquo;informatique d\u00e8s [&hellip;]<\/p>\n","protected":false},"author":1,"featured_media":0,"parent":0,"menu_order":0,"comment_status":"closed","ping_status":"closed","template":"","meta":{"footnotes":""},"class_list":["post-84","page","type-page","status-publish","hentry"],"_links":{"self":[{"href":"https:\/\/www.hanocq.eu\/index.php\/wp-json\/wp\/v2\/pages\/84","targetHints":{"allow":["GET"]}}],"collection":[{"href":"https:\/\/www.hanocq.eu\/index.php\/wp-json\/wp\/v2\/pages"}],"about":[{"href":"https:\/\/www.hanocq.eu\/index.php\/wp-json\/wp\/v2\/types\/page"}],"author":[{"embeddable":true,"href":"https:\/\/www.hanocq.eu\/index.php\/wp-json\/wp\/v2\/users\/1"}],"replies":[{"embeddable":true,"href":"https:\/\/www.hanocq.eu\/index.php\/wp-json\/wp\/v2\/comments?post=84"}],"version-history":[{"count":8,"href":"https:\/\/www.hanocq.eu\/index.php\/wp-json\/wp\/v2\/pages\/84\/revisions"}],"predecessor-version":[{"id":234,"href":"https:\/\/www.hanocq.eu\/index.php\/wp-json\/wp\/v2\/pages\/84\/revisions\/234"}],"wp:attachment":[{"href":"https:\/\/www.hanocq.eu\/index.php\/wp-json\/wp\/v2\/media?parent=84"}],"curies":[{"name":"wp","href":"https:\/\/api.w.org\/{rel}","templated":true}]}}